{"id":3,"date":"2023-09-21T12:41:01","date_gmt":"2023-09-21T12:41:01","guid":{"rendered":"https:\/\/pixelpiernyc.vamtam.com\/?page_id=3"},"modified":"2024-04-23T00:58:11","modified_gmt":"2024-04-23T00:58:11","slug":"privacy-policy","status":"publish","type":"page","link":"https:\/\/ruiapolinario.com\/pt\/privacy-policy\/","title":{"rendered":"Pol\u00edtica de Privacidade"},"content":{"rendered":"<div data-elementor-type=\"wp-page\" data-elementor-id=\"3\" class=\"elementor elementor-3\" data-elementor-post-type=\"page\">\n\t\t\t\t<div class=\"elementor-element elementor-element-6aa36c74 e-flex e-con-boxed e-con e-parent\" data-id=\"6aa36c74\" data-element_type=\"container\" data-e-type=\"container\">\n\t\t\t\t\t<div class=\"e-con-inner\">\n\t\t\t\t<div class=\"elementor-element elementor-element-1b08afdc elementor-widget elementor-widget-text-editor\" data-id=\"1b08afdc\" data-element_type=\"widget\" data-e-type=\"widget\" data-widget_type=\"text-editor.default\">\n\t\t\t\t<div class=\"elementor-widget-container\">\n\t\t\t\t\t\t\t\t\t<p><\/p>\n<h2 class=\"wp-block-heading\">Bem-vindos<\/h2>\n<p><\/p>\n<p>Em ruiapolinario.com, estamos empenhados em proteger a sua privacidade e garantir a seguran\u00e7a das suas informa\u00e7\u00f5es pessoais. Esta Pol\u00edtica de Privacidade descreve como reunimos, usamos e protegemos os dados que voc\u00ea nos fornece<\/p>\n<p><\/p>\n<h2 class=\"wp-block-heading\">Informa\u00e7\u00f5es que reunimos<\/h2>\n<p><\/p>\n<p>Quando faz um pedido de servi\u00e7os de caricatura, solicitamos que voc\u00ea envie fotos da(s) pessoa(s) a ser(em) caricaturada(s). Estas fotos s\u00e3o utilizadas exclusivamente para fins de cria\u00e7\u00e3o da caricatura e ser\u00e3o exclu\u00eddas imediatamente ap\u00f3s a conclus\u00e3o da arte. N\u00e3o utilizamos essas fotos para quaisquer outros fins e elas n\u00e3o s\u00e3o compartilhadas com terceiros.<\/p>\n<p>Al\u00e9m das fotos para pedidos de caricaturas, a \u00fanica outra informa\u00e7\u00e3o que coletamos \u00e9 a que voc\u00ea fornece voluntariamente ao se inscrever em nossa newsletter. Isso pode incluir seu nome e endere\u00e7o de e-mail. Usamos essas informa\u00e7\u00f5es para lhe enviar atualiza\u00e7\u00f5es, promo\u00e7\u00f5es e novidades sobre nossos servi\u00e7os. Voc\u00ea pode cancelar a assinatura dessas comunica\u00e7\u00f5es a qualquer momento seguindo as instru\u00e7\u00f5es nos e-mails que enviamos.<\/p>\n<p><\/p>\n<h2 class=\"wp-block-heading\">Como usamos essa informa\u00e7\u00e3o<\/h2>\n<p><\/p>\n<p>\u2013 **Pedidos de Caricaturas**: As fotos que voc\u00ea fornece para pedidos de caricaturas s\u00e3o utilizadas exclusivamente para a cria\u00e7\u00e3o da arte solicitada. Assim que a caricatura for conclu\u00edda de forma satisfat\u00f3ria, exclu\u00edmos imediatamente essas fotos do nosso sistema.<\/p>\n<p>\u2013 **Assinaturas de Newsletters**: Se voc\u00ea se inscrever na nossa newsletter, usaremos as informa\u00e7\u00f5es fornecidas para enviar atualiza\u00e7\u00f5es e conte\u00fado promocional. N\u00e3o compartilhamos essas informa\u00e7\u00f5es com terceiros e voc\u00ea pode cancelar essas comunica\u00e7\u00f5es a qualquer momento.<\/p>\n<h2 style=\"font-style: normal; font-variant-ligatures: normal; font-variant-caps: normal; font-weight: var( --e-global-typography-vamtam_h2-font-weight ); font-size: var( --e-global-typography-vamtam_h2-font-size ); line-height: var( --e-global-typography-vamtam_h2-line-height ); font-family: 'Plus Jakarta Sans', sans-serif; letter-spacing: normal; text-transform: none; text-decoration-thickness: initial; text-decoration-style: initial; text-decoration-color: initial; color: #000000;\">Seguran\u00e7a de dados<\/h2>\n<p class=\"p1\"><span class=\"s1\">Levamos a seguran\u00e7a dos seus dados a s\u00e9rio. Implementamos medidas apropriadas para salvaguardar e proteger as informa\u00e7\u00f5es que coletamos online para evitar acesso n\u00e3o autorizado, divulga\u00e7\u00e3o, altera\u00e7\u00e3o ou destrui\u00e7\u00e3o de suas informa\u00e7\u00f5es pessoais.<\/span><\/p>\n<p><\/p>\n<h2 class=\"wp-block-heading\">Cookies<\/h2>\n<p><\/p>\n<p class=\"p1\"><span class=\"s1\">Nosso site pode usar cookies para melhorar sua experi\u00eancia. Esses cookies s\u00e3o usados \u200b\u200bpara lembrar suas prefer\u00eancias e configura\u00e7\u00f5es para visitas futuras. Voc\u00ea pode optar por desativar os cookies atrav\u00e9s das configura\u00e7\u00f5es do seu navegador, mas observe que isso pode afetar a funcionalidade do nosso site.<\/span><\/p>\n<p><\/p>\n<h2 class=\"wp-block-heading\">Atualiza\u00e7\u00f5es da Pol\u00edtica de Privacidade<\/h2>\n<p><\/p>\n<p class=\"p1\"><span class=\"s1\">Poderemos atualizar esta Pol\u00edtica de Privacidade de tempos em tempos para refletir altera\u00e7\u00f5es em nossas pr\u00e1ticas e servi\u00e7os. Encorajamos voc\u00ea a revisar esta pol\u00edtica periodicamente para quaisquer atualiza\u00e7\u00f5es. O uso continuado do nosso site ap\u00f3s quaisquer altera\u00e7\u00f5es indica a sua aceita\u00e7\u00e3o da Pol\u00edtica de Privacidade atualizada.<\/span><\/p>\n<p><\/p>\n<h2 class=\"wp-block-heading\">Contacte-nos<\/h2>\n<p><\/p>\n<p class=\"p1\"><span class=\"s1\">Se voc\u00ea tiver alguma d\u00favida ou preocupa\u00e7\u00e3o sobre nossa Pol\u00edtica de Privacidade ou sobre o tratamento de suas informa\u00e7\u00f5es pessoais, entre em contato conosco pelo e-mail info@ruiapolinario.com. Estamos aqui para ajud\u00e1-lo e garantir que sua experi\u00eancia com ruiapolinario.com seja segura, protegida e agrad\u00e1vel.<\/span><\/p>\n<p class=\"p1\"><span class=\"s1\">Obrigado por escolher ruiapolinario.com. Agradecemos sua confian\u00e7a em n\u00f3s para lidar com suas informa\u00e7\u00f5es pessoais de maneira respons\u00e1vel.<\/span><\/p>\n<p><\/p>\t\t\t\t\t\t\t\t<\/div>\n\t\t\t\t<\/div>\n\t\t\t\t\t<\/div>\n\t\t\t\t<\/div>\n\t\t\t\t<\/div>","protected":false},"excerpt":{"rendered":"<p>Pol\u00edtica de Privacidade<\/p>","protected":false},"author":1,"featured_media":0,"parent":0,"menu_order":0,"comment_status":"closed","ping_status":"open","template":"","meta":{"_monsterinsights_skip_tracking":false,"_monsterinsights_sitenote_active":false,"_monsterinsights_sitenote_note":"","_monsterinsights_sitenote_category":0,"footnotes":""},"class_list":["post-3","page","type-page","status-publish","hentry"],"yoast_head":"<!-- This site is optimized with the Yoast SEO plugin v27.2 - https:\/\/yoast.com\/product\/yoast-seo-wordpress\/ -->\n<title>Privacy Policy - RuiApolinario.com<\/title>\n<meta name=\"robots\" content=\"index, follow, max-snippet:-1, max-image-preview:large, max-video-preview:-1\" \/>\n<link rel=\"canonical\" href=\"https:\/\/ruiapolinario.com\/pt\/privacy-policy\/\" \/>\n<meta property=\"og:locale\" content=\"pt_PT\" \/>\n<meta property=\"og:type\" content=\"article\" \/>\n<meta property=\"og:title\" content=\"Privacy Policy - RuiApolinario.com\" \/>\n<meta property=\"og:description\" content=\"Privacy Policy\" \/>\n<meta property=\"og:url\" content=\"https:\/\/ruiapolinario.com\/pt\/privacy-policy\/\" \/>\n<meta property=\"og:site_name\" content=\"RuiApolinario.com\" \/>\n<meta property=\"article:modified_time\" content=\"2024-04-23T00:58:11+00:00\" \/>\n<meta name=\"twitter:card\" content=\"summary_large_image\" \/>\n<script type=\"application\/ld+json\" class=\"yoast-schema-graph\">{\"@context\":\"https:\/\/schema.org\",\"@graph\":[{\"@type\":\"WebPage\",\"@id\":\"https:\/\/ruiapolinario.com\/privacy-policy\/\",\"url\":\"https:\/\/ruiapolinario.com\/privacy-policy\/\",\"name\":\"Privacy Policy - RuiApolinario.com\",\"isPartOf\":{\"@id\":\"https:\/\/ruiapolinario.com\/#website\"},\"datePublished\":\"2023-09-21T12:41:01+00:00\",\"dateModified\":\"2024-04-23T00:58:11+00:00\",\"breadcrumb\":{\"@id\":\"https:\/\/ruiapolinario.com\/privacy-policy\/#breadcrumb\"},\"inLanguage\":\"pt-PT\",\"potentialAction\":[{\"@type\":\"ReadAction\",\"target\":[\"https:\/\/ruiapolinario.com\/privacy-policy\/\"]}]},{\"@type\":\"BreadcrumbList\",\"@id\":\"https:\/\/ruiapolinario.com\/privacy-policy\/#breadcrumb\",\"itemListElement\":[{\"@type\":\"ListItem\",\"position\":1,\"name\":\"Home\",\"item\":\"https:\/\/ruiapolinario.com\/\"},{\"@type\":\"ListItem\",\"position\":2,\"name\":\"Privacy Policy\"}]},{\"@type\":\"WebSite\",\"@id\":\"https:\/\/ruiapolinario.com\/#website\",\"url\":\"https:\/\/ruiapolinario.com\/\",\"name\":\"RuiApolinario.com\",\"description\":\"Custom creatins, loads of fun!\",\"publisher\":{\"@id\":\"https:\/\/ruiapolinario.com\/#\/schema\/person\/1b941c459b58c820462b8e84ecd25577\"},\"potentialAction\":[{\"@type\":\"SearchAction\",\"target\":{\"@type\":\"EntryPoint\",\"urlTemplate\":\"https:\/\/ruiapolinario.com\/?s={search_term_string}\"},\"query-input\":{\"@type\":\"PropertyValueSpecification\",\"valueRequired\":true,\"valueName\":\"search_term_string\"}}],\"inLanguage\":\"pt-PT\"},{\"@type\":[\"Person\",\"Organization\"],\"@id\":\"https:\/\/ruiapolinario.com\/#\/schema\/person\/1b941c459b58c820462b8e84ecd25577\",\"name\":\"ruiapolinario\",\"image\":{\"@type\":\"ImageObject\",\"inLanguage\":\"pt-PT\",\"@id\":\"https:\/\/ruiapolinario.com\/wp-content\/uploads\/2023\/09\/logo.jpg\",\"url\":\"https:\/\/ruiapolinario.com\/wp-content\/uploads\/2023\/09\/logo.jpg\",\"contentUrl\":\"https:\/\/ruiapolinario.com\/wp-content\/uploads\/2023\/09\/logo.jpg\",\"width\":1216,\"height\":380,\"caption\":\"ruiapolinario\"},\"logo\":{\"@id\":\"https:\/\/ruiapolinario.com\/wp-content\/uploads\/2023\/09\/logo.jpg\"},\"sameAs\":[\"https:\/\/ruiapolinario.com\"]}]}<\/script>\n<!-- \/ Yoast SEO plugin. -->","yoast_head_json":{"title":"Privacy Policy - RuiApolinario.com","robots":{"index":"index","follow":"follow","max-snippet":"max-snippet:-1","max-image-preview":"max-image-preview:large","max-video-preview":"max-video-preview:-1"},"canonical":"https:\/\/ruiapolinario.com\/pt\/privacy-policy\/","og_locale":"pt_PT","og_type":"article","og_title":"Privacy Policy - RuiApolinario.com","og_description":"Privacy Policy","og_url":"https:\/\/ruiapolinario.com\/pt\/privacy-policy\/","og_site_name":"RuiApolinario.com","article_modified_time":"2024-04-23T00:58:11+00:00","twitter_card":"summary_large_image","schema":{"@context":"https:\/\/schema.org","@graph":[{"@type":"WebPage","@id":"https:\/\/ruiapolinario.com\/privacy-policy\/","url":"https:\/\/ruiapolinario.com\/privacy-policy\/","name":"Privacy Policy - RuiApolinario.com","isPartOf":{"@id":"https:\/\/ruiapolinario.com\/#website"},"datePublished":"2023-09-21T12:41:01+00:00","dateModified":"2024-04-23T00:58:11+00:00","breadcrumb":{"@id":"https:\/\/ruiapolinario.com\/privacy-policy\/#breadcrumb"},"inLanguage":"pt-PT","potentialAction":[{"@type":"ReadAction","target":["https:\/\/ruiapolinario.com\/privacy-policy\/"]}]},{"@type":"BreadcrumbList","@id":"https:\/\/ruiapolinario.com\/privacy-policy\/#breadcrumb","itemListElement":[{"@type":"ListItem","position":1,"name":"Home","item":"https:\/\/ruiapolinario.com\/"},{"@type":"ListItem","position":2,"name":"Privacy Policy"}]},{"@type":"WebSite","@id":"https:\/\/ruiapolinario.com\/#website","url":"https:\/\/ruiapolinario.com\/","name":"RuiApolinario.com","description":"Custom creatins, loads of fun!","publisher":{"@id":"https:\/\/ruiapolinario.com\/#\/schema\/person\/1b941c459b58c820462b8e84ecd25577"},"potentialAction":[{"@type":"SearchAction","target":{"@type":"EntryPoint","urlTemplate":"https:\/\/ruiapolinario.com\/?s={search_term_string}"},"query-input":{"@type":"PropertyValueSpecification","valueRequired":true,"valueName":"search_term_string"}}],"inLanguage":"pt-PT"},{"@type":["Person","Organization"],"@id":"https:\/\/ruiapolinario.com\/#\/schema\/person\/1b941c459b58c820462b8e84ecd25577","name":"ruiapolinario","image":{"@type":"ImageObject","inLanguage":"pt-PT","@id":"https:\/\/ruiapolinario.com\/wp-content\/uploads\/2023\/09\/logo.jpg","url":"https:\/\/ruiapolinario.com\/wp-content\/uploads\/2023\/09\/logo.jpg","contentUrl":"https:\/\/ruiapolinario.com\/wp-content\/uploads\/2023\/09\/logo.jpg","width":1216,"height":380,"caption":"ruiapolinario"},"logo":{"@id":"https:\/\/ruiapolinario.com\/wp-content\/uploads\/2023\/09\/logo.jpg"},"sameAs":["https:\/\/ruiapolinario.com"]}]}},"_links":{"self":[{"href":"https:\/\/ruiapolinario.com\/pt\/wp-json\/wp\/v2\/pages\/3","targetHints":{"allow":["GET"]}}],"collection":[{"href":"https:\/\/ruiapolinario.com\/pt\/wp-json\/wp\/v2\/pages"}],"about":[{"href":"https:\/\/ruiapolinario.com\/pt\/wp-json\/wp\/v2\/types\/page"}],"author":[{"embeddable":true,"href":"https:\/\/ruiapolinario.com\/pt\/wp-json\/wp\/v2\/users\/1"}],"replies":[{"embeddable":true,"href":"https:\/\/ruiapolinario.com\/pt\/wp-json\/wp\/v2\/comments?post=3"}],"version-history":[{"count":6,"href":"https:\/\/ruiapolinario.com\/pt\/wp-json\/wp\/v2\/pages\/3\/revisions"}],"predecessor-version":[{"id":17158,"href":"https:\/\/ruiapolinario.com\/pt\/wp-json\/wp\/v2\/pages\/3\/revisions\/17158"}],"wp:attachment":[{"href":"https:\/\/ruiapolinario.com\/pt\/wp-json\/wp\/v2\/media?parent=3"}],"curies":[{"name":"wp","href":"https:\/\/api.w.org\/{rel}","templated":true}]}}